{"id":84,"date":"2025-02-07T08:41:35","date_gmt":"2025-02-07T08:41:35","guid":{"rendered":"https:\/\/yellow-tapir-319015.hostingersite.com\/?page_id=84"},"modified":"2025-02-14T12:14:47","modified_gmt":"2025-02-14T12:14:47","slug":"discografia-cantautores-catalanes","status":"publish","type":"page","link":"https:\/\/lluislozano.com\/ca\/discografia-cantautores-catalanes\/","title":{"rendered":"Discografia"},"content":{"rendered":"<div data-elementor-type=\"wp-page\" data-elementor-id=\"84\" class=\"elementor elementor-84\" data-elementor-post-type=\"page\">\n\t\t\t\t\t\t<section class=\"elementor-section elementor-top-section elementor-element elementor-element-59f48a3e elementor-reverse-mobile elementor-section-boxed elementor-section-height-default elementor-section-height-default elementor-invisible\" data-id=\"59f48a3e\" data-element_type=\"section\" data-e-type=\"section\" data-settings=\"{&quot;background_background&quot;:&quot;classic&quot;,&quot;animation&quot;:&quot;fadeIn&quot;}\">\n\t\t\t\t\t\t\t<div class=\"elementor-background-overlay\"><\/div>\n\t\t\t\t\t\t\t<div class=\"elementor-container elementor-column-gap-default\">\n\t\t\t\t\t<div class=\"elementor-column elementor-col-100 elementor-top-column elementor-element elementor-element-35a71a30\" data-id=\"35a71a30\" data-element_type=\"column\" data-e-type=\"column\">\n\t\t\t<div class=\"elementor-widget-wrap elementor-element-populated\">\n\t\t\t\t\t\t\t<\/div>\n\t\t<\/div>\n\t\t\t\t\t<\/div>\n\t\t<\/section>\n\t\t\t\t<section class=\"elementor-section elementor-top-section elementor-element elementor-element-4c875d7 elementor-section-boxed elementor-section-height-default elementor-section-height-default\" data-id=\"4c875d7\" data-element_type=\"section\" data-e-type=\"section\">\n\t\t\t\t\t\t<div class=\"elementor-container elementor-column-gap-default\">\n\t\t\t\t\t<div class=\"elementor-column elementor-col-50 elementor-top-column elementor-element elementor-element-7479e26\" data-id=\"7479e26\" data-element_type=\"column\" data-e-type=\"column\">\n\t\t\t<div class=\"elementor-widget-wrap elementor-element-populated\">\n\t\t\t\t\t\t<div class=\"elementor-element elementor-element-2a807e9 elementor-invisible elementor-widget elementor-widget-text-editor\" data-id=\"2a807e9\" data-element_type=\"widget\" data-e-type=\"widget\" data-settings=\"{&quot;_animation&quot;:&quot;fadeInUp&quot;}\" data-widget_type=\"text-editor.default\">\n\t\t\t\t<div class=\"elementor-widget-container\">\n\t\t\t\t\t\t\t\t\t<p><span style=\"font-weight: 400;\">El 2024 \u00e9s un any molt fruct\u00edfer per a Llu\u00eds Lozano, ja que publica diferents senzills com La Nostra Nau en una col\u00b7laboraci\u00f3 al costat de Carles Casanovas i Lorenzo Fern\u00e1ndez, A Cara o Creu al costat d'Antoni Mas, El Cantaire del Bar del Port i Carrilet Ganx\u00f3 en un homenatge al petit tren de Sant Feliu de Gu\u00edxols, ple d'hist\u00f2ria i records.\u00a0<\/span><\/p><p><span style=\"font-weight: 400;\">Tamb\u00e9 publica un \u00e0lbum en directe amb el millor de la Gira per Xile realitzada a la fi del 2023. Al novembre de 2024 publica el seu m\u00e9s recent treball \u201cLlu\u00eds canta a Sara\u201d.<\/span><\/p>\t\t\t\t\t\t\t\t<\/div>\n\t\t\t\t<\/div>\n\t\t\t\t\t<\/div>\n\t\t<\/div>\n\t\t\t\t<div class=\"elementor-column elementor-col-50 elementor-top-column elementor-element elementor-element-03cfdc4\" data-id=\"03cfdc4\" data-element_type=\"column\" data-e-type=\"column\">\n\t\t\t<div class=\"elementor-widget-wrap elementor-element-populated\">\n\t\t\t\t\t\t<div class=\"elementor-element elementor-element-d5e210a elementor-widget elementor-widget-embedpres_elementor\" data-id=\"d5e210a\" data-element_type=\"widget\" data-e-type=\"widget\" data-widget_type=\"embedpres_elementor.default\">\n\t\t\t\t<div class=\"elementor-widget-container\">\n\t\t\t\t\t\n\t\t<div class=\"embedpress-elements-wrapper\" id=\"ep-elements-id-d5e210a\">\n\n\t\t\t\t\t\t\t<div id=\"ep-elementor-content-d5e210a\" \n\t\t\t\t\tclass=\"ep-elementor-content \t\t\t\t\t \t\t\t\t\t  ep-content-protection-disabled \t\t\t\t\tsource-default\">\n\n\t\t\t\t\t<div id=\"d5e210a\" \n\t\t\t\t\t\tclass=\"ep-embed-content-wrapper\" \n\t\t\t\t\t\t\t\t\t\t\t\t\t\t\t\t\t\t\t\t\t\t\t\t>\n\n\t\t\t\t\t\t<div id=\"ep-elementor-content-d5e210a\" \n\t\t\t\t\t\t\tclass=\"ep-elementor-content \t\t\t\t\t\t\t \t\t\t\t\t\t\t  ep-content-protection-disabled \t\t\t\t\t\t\tsource-default\">\n\n\t\t\t\t\t\t\t<div >\n\t\t\t\t\t\t\t\t<div id=\"d5e210a\" \n\t\t\t\t\t\t\t\t\tclass=\"ep-embed-content-wraper\" \n\t\t\t\t\t\t\t\t\t \n\t\t\t\t\t\t\t\t\t>\n\n\t\t\t\t\t\t\t\t\t<div class=\"ose-spotify ose-uid-972b2639d8c1c84367fb8db5469a2a85 ose-embedpress-responsive\" style=\"width:600px; height:600px; max-height:600px; max-width:100%; display:inline-block;\"><iframe allowfullscreen title=\"Spotify Embed: Llu\u00eds Lozano\" style=\"border-radius: 12px\" width=\"100%\" height=\"600\" frameborder=\"0\" allow =\"encrypted-media;accelerometer;autoplay;clipboard-write;gyroscope;picture-in-picture clipboard-write; encrypted-media; fullscreen; picture-in-picture\" loading=\"lazy\" src=\"https:\/\/open.spotify.com\/embed\/artist\/16qtfNnhUVGTdCLAaTusZT?si=bsIN_xweQTiQ5yUqz5a4gA&amp;utm_source=oembed\"><\/iframe><\/div>\t\t\t\t\t\t\t\t<\/div>\n\n\t\t\t\t\t\t\t\t\t\t\t\t\t\t\t<\/div>\n\t\t\t\t\t\t<\/div>\n\t\t\t\t\t<\/div>\n\t\t\t\t<\/div>\n\n\t\t\t\t\t\t\t\n\t\t<\/div>\n\n\n\t\t\n\t\t\t\t<\/div>\n\t\t\t\t<\/div>\n\t\t\t\t\t<\/div>\n\t\t<\/div>\n\t\t\t\t\t<\/div>\n\t\t<\/section>\n\t\t\t\t<section class=\"elementor-section elementor-top-section elementor-element elementor-element-6e4ab4b elementor-section-boxed elementor-section-height-default elementor-section-height-default\" data-id=\"6e4ab4b\" data-element_type=\"section\" data-e-type=\"section\" data-settings=\"{&quot;background_background&quot;:&quot;classic&quot;}\">\n\t\t\t\t\t\t<div class=\"elementor-container elementor-column-gap-default\">\n\t\t\t\t\t<div class=\"elementor-column elementor-col-50 elementor-top-column elementor-element elementor-element-5351723\" data-id=\"5351723\" data-element_type=\"column\" data-e-type=\"column\">\n\t\t\t<div class=\"elementor-widget-wrap elementor-element-populated\">\n\t\t\t\t\t\t<div class=\"elementor-element elementor-element-11446e7 elementor-invisible elementor-widget elementor-widget-image\" data-id=\"11446e7\" data-element_type=\"widget\" data-e-type=\"widget\" data-settings=\"{&quot;_animation&quot;:&quot;fadeInRight&quot;}\" data-widget_type=\"image.default\">\n\t\t\t\t<div class=\"elementor-widget-container\">\n\t\t\t\t\t\t\t\t\t\t\t\t\t\t\t<img fetchpriority=\"high\" decoding=\"async\" width=\"1707\" height=\"2560\" src=\"https:\/\/lluislozano.com\/wp-content\/uploads\/2025\/02\/Lluis-Lozano_HIGH_QUALITY-05-scaled.jpg\" class=\"attachment-full size-full wp-image-41\" alt=\"\" srcset=\"https:\/\/lluislozano.com\/wp-content\/uploads\/2025\/02\/Lluis-Lozano_HIGH_QUALITY-05-scaled.jpg 1707w, https:\/\/lluislozano.com\/wp-content\/uploads\/2025\/02\/Lluis-Lozano_HIGH_QUALITY-05-200x300.jpg 200w, https:\/\/lluislozano.com\/wp-content\/uploads\/2025\/02\/Lluis-Lozano_HIGH_QUALITY-05-683x1024.jpg 683w, https:\/\/lluislozano.com\/wp-content\/uploads\/2025\/02\/Lluis-Lozano_HIGH_QUALITY-05-768x1152.jpg 768w, https:\/\/lluislozano.com\/wp-content\/uploads\/2025\/02\/Lluis-Lozano_HIGH_QUALITY-05-1024x1536.jpg 1024w, https:\/\/lluislozano.com\/wp-content\/uploads\/2025\/02\/Lluis-Lozano_HIGH_QUALITY-05-1365x2048.jpg 1365w\" sizes=\"(max-width: 1707px) 100vw, 1707px\" \/>\t\t\t\t\t\t\t\t\t\t\t\t\t\t\t<\/div>\n\t\t\t\t<\/div>\n\t\t\t\t\t<\/div>\n\t\t<\/div>\n\t\t\t\t<div class=\"elementor-column elementor-col-50 elementor-top-column elementor-element elementor-element-6103f68\" data-id=\"6103f68\" data-element_type=\"column\" data-e-type=\"column\">\n\t\t\t<div class=\"elementor-widget-wrap elementor-element-populated\">\n\t\t\t\t\t\t<div class=\"elementor-element elementor-element-790ff85 elementor-invisible elementor-widget elementor-widget-text-editor\" data-id=\"790ff85\" data-element_type=\"widget\" data-e-type=\"widget\" data-settings=\"{&quot;_animation&quot;:&quot;fadeInUp&quot;}\" data-widget_type=\"text-editor.default\">\n\t\t\t\t<div class=\"elementor-widget-container\">\n\t\t\t\t\t\t\t\t\t<p><span style=\"font-weight: 400;\">El 2021 publica \u201cCanta\u2019m una Havanera\u201d el seu 4to \u00e0lbum publicat per Pensosfera amb can\u00e7ons que reten homenatge a la mar, les tavernes d'\u00e8poques passades i al g\u00e8nere de l'havanera.<\/span><\/p><p><span style=\"font-weight: 400;\">El 2018 va sortir a la llum l'\u00e0lbum, \u201cReina De Corazones\u201d, un disc que inclou 12 can\u00e7ons que desgranen hist\u00f2ries plenes de vida inspirades en el dia a dia, els amors clandestins, les passions, els records i rendeix un homenatge a la figura maternal, que \u00e9s l'aut\u00e8ntica \u201cReina De Corazones\u201d.\u00a0<\/span><\/p><p><span style=\"font-weight: 400;\">L'any 2013 Lozano presenta l'\u00e0lbum \u201cCarlota\u201d, un tendre homenatge a la seva neta, on ens convida a delectar-nos amb les seves lletres on es reconeix com a fill de la Tramuntana en una clara al\u00b7lusi\u00f3 a la seva entranyable terra Empordanesa que ho va veure n\u00e9ixer. Tamb\u00e9 fa reflexions entorn de la injust\u00edcia social i desigualtats, tamb\u00e9 a les afectacions que provoca el progr\u00e9s en l'entorn natural. Aix\u00ed com tamb\u00e9 narra hist\u00f2ries de costums t\u00edpics que s'han anat desapareixent amb els anys com s\u00f3n les antigues carboner\u00edas.<\/span><\/p><p><span style=\"font-weight: 400;\">\u201cVivir Juntos\u201d va ser el seu primer disc en solitari, autoeditat en 2009. En ell, Lozano reuneix set can\u00e7ons, que corresponen a les seves primeres composicions on ens parla sobre coses de la vida, de la vida normal, la de gaireb\u00e9 tothom, la de la gent bona.<\/span><\/p>\t\t\t\t\t\t\t\t<\/div>\n\t\t\t\t<\/div>\n\t\t\t\t\t<\/div>\n\t\t<\/div>\n\t\t\t\t\t<\/div>\n\t\t<\/section>\n\t\t\t\t<section class=\"elementor-section elementor-top-section elementor-element elementor-element-8c833ba elementor-section-full_width elementor-section-height-default elementor-section-height-default\" data-id=\"8c833ba\" data-element_type=\"section\" data-e-type=\"section\">\n\t\t\t\t\t\t<div class=\"elementor-container elementor-column-gap-no\">\n\t\t\t\t\t<div class=\"elementor-column elementor-col-100 elementor-top-column elementor-element elementor-element-1b20f8c\" data-id=\"1b20f8c\" data-element_type=\"column\" data-e-type=\"column\">\n\t\t\t<div class=\"elementor-widget-wrap elementor-element-populated\">\n\t\t\t\t\t\t<div class=\"elementor-element elementor-element-20915cc elementor-widget elementor-widget-image-gallery\" data-id=\"20915cc\" data-element_type=\"widget\" data-e-type=\"widget\" data-widget_type=\"image-gallery.default\">\n\t\t\t\t<div class=\"elementor-widget-container\">\n\t\t\t\t\t\t\t<div class=\"elementor-image-gallery\">\n\t\t\t<div id='gallery-1' class='gallery galleryid-84 gallery-columns-5 gallery-size-full'><figure class='gallery-item'>\n\t\t\t<div class='gallery-icon landscape'>\n\t\t\t\t<a data-elementor-open-lightbox=\"yes\" data-elementor-lightbox-slideshow=\"20915cc\" data-elementor-lightbox-title=\"5\" data-e-action-hash=\"#elementor-action%3Aaction%3Dlightbox%26settings%3DeyJpZCI6MjE5LCJ1cmwiOiJodHRwczpcL1wvbGx1aXNsb3phbm8uY29tXC93cC1jb250ZW50XC91cGxvYWRzXC8yMDI1XC8wMlwvNS0yLnBuZyIsInNsaWRlc2hvdyI6IjIwOTE1Y2MifQ%3D%3D\" href='https:\/\/lluislozano.com\/wp-content\/uploads\/2025\/02\/5-2.png'><img decoding=\"async\" width=\"3105\" height=\"3105\" src=\"https:\/\/lluislozano.com\/wp-content\/uploads\/2025\/02\/5-2.png\" class=\"attachment-full size-full\" alt=\"\" srcset=\"https:\/\/lluislozano.com\/wp-content\/uploads\/2025\/02\/5-2.png 3105w, https:\/\/lluislozano.com\/wp-content\/uploads\/2025\/02\/5-2-300x300.png 300w, https:\/\/lluislozano.com\/wp-content\/uploads\/2025\/02\/5-2-1024x1024.png 1024w, https:\/\/lluislozano.com\/wp-content\/uploads\/2025\/02\/5-2-150x150.png 150w, https:\/\/lluislozano.com\/wp-content\/uploads\/2025\/02\/5-2-768x768.png 768w, https:\/\/lluislozano.com\/wp-content\/uploads\/2025\/02\/5-2-1536x1536.png 1536w, https:\/\/lluislozano.com\/wp-content\/uploads\/2025\/02\/5-2-2048x2048.png 2048w\" sizes=\"(max-width: 3105px) 100vw, 3105px\" \/><\/a>\n\t\t\t<\/div><\/figure><figure class='gallery-item'>\n\t\t\t<div class='gallery-icon landscape'>\n\t\t\t\t<a data-elementor-open-lightbox=\"yes\" data-elementor-lightbox-slideshow=\"20915cc\" data-elementor-lightbox-title=\"4\" data-e-action-hash=\"#elementor-action%3Aaction%3Dlightbox%26settings%3DeyJpZCI6MjE4LCJ1cmwiOiJodHRwczpcL1wvbGx1aXNsb3phbm8uY29tXC93cC1jb250ZW50XC91cGxvYWRzXC8yMDI1XC8wMlwvNC0zLnBuZyIsInNsaWRlc2hvdyI6IjIwOTE1Y2MifQ%3D%3D\" href='https:\/\/lluislozano.com\/wp-content\/uploads\/2025\/02\/4-3.png'><img decoding=\"async\" width=\"3105\" height=\"3105\" src=\"https:\/\/lluislozano.com\/wp-content\/uploads\/2025\/02\/4-3.png\" class=\"attachment-full size-full\" alt=\"\" srcset=\"https:\/\/lluislozano.com\/wp-content\/uploads\/2025\/02\/4-3.png 3105w, https:\/\/lluislozano.com\/wp-content\/uploads\/2025\/02\/4-3-300x300.png 300w, https:\/\/lluislozano.com\/wp-content\/uploads\/2025\/02\/4-3-1024x1024.png 1024w, https:\/\/lluislozano.com\/wp-content\/uploads\/2025\/02\/4-3-150x150.png 150w, https:\/\/lluislozano.com\/wp-content\/uploads\/2025\/02\/4-3-768x768.png 768w, https:\/\/lluislozano.com\/wp-content\/uploads\/2025\/02\/4-3-1536x1536.png 1536w, https:\/\/lluislozano.com\/wp-content\/uploads\/2025\/02\/4-3-2048x2048.png 2048w\" sizes=\"(max-width: 3105px) 100vw, 3105px\" \/><\/a>\n\t\t\t<\/div><\/figure><figure class='gallery-item'>\n\t\t\t<div class='gallery-icon landscape'>\n\t\t\t\t<a data-elementor-open-lightbox=\"yes\" data-elementor-lightbox-slideshow=\"20915cc\" data-elementor-lightbox-title=\"3\" data-e-action-hash=\"#elementor-action%3Aaction%3Dlightbox%26settings%3DeyJpZCI6MjE3LCJ1cmwiOiJodHRwczpcL1wvbGx1aXNsb3phbm8uY29tXC93cC1jb250ZW50XC91cGxvYWRzXC8yMDI1XC8wMlwvMy0yLnBuZyIsInNsaWRlc2hvdyI6IjIwOTE1Y2MifQ%3D%3D\" href='https:\/\/lluislozano.com\/wp-content\/uploads\/2025\/02\/3-2.png'><img loading=\"lazy\" decoding=\"async\" width=\"3105\" height=\"3105\" src=\"https:\/\/lluislozano.com\/wp-content\/uploads\/2025\/02\/3-2.png\" class=\"attachment-full size-full\" alt=\"\" srcset=\"https:\/\/lluislozano.com\/wp-content\/uploads\/2025\/02\/3-2.png 3105w, https:\/\/lluislozano.com\/wp-content\/uploads\/2025\/02\/3-2-300x300.png 300w, https:\/\/lluislozano.com\/wp-content\/uploads\/2025\/02\/3-2-1024x1024.png 1024w, https:\/\/lluislozano.com\/wp-content\/uploads\/2025\/02\/3-2-150x150.png 150w, https:\/\/lluislozano.com\/wp-content\/uploads\/2025\/02\/3-2-768x768.png 768w, https:\/\/lluislozano.com\/wp-content\/uploads\/2025\/02\/3-2-1536x1536.png 1536w, https:\/\/lluislozano.com\/wp-content\/uploads\/2025\/02\/3-2-2048x2048.png 2048w\" sizes=\"(max-width: 3105px) 100vw, 3105px\" \/><\/a>\n\t\t\t<\/div><\/figure><figure class='gallery-item'>\n\t\t\t<div class='gallery-icon landscape'>\n\t\t\t\t<a data-elementor-open-lightbox=\"yes\" data-elementor-lightbox-slideshow=\"20915cc\" data-elementor-lightbox-title=\"2\" data-e-action-hash=\"#elementor-action%3Aaction%3Dlightbox%26settings%3DeyJpZCI6MjE2LCJ1cmwiOiJodHRwczpcL1wvbGx1aXNsb3phbm8uY29tXC93cC1jb250ZW50XC91cGxvYWRzXC8yMDI1XC8wMlwvMi0zLnBuZyIsInNsaWRlc2hvdyI6IjIwOTE1Y2MifQ%3D%3D\" href='https:\/\/lluislozano.com\/wp-content\/uploads\/2025\/02\/2-3.png'><img loading=\"lazy\" decoding=\"async\" width=\"3105\" height=\"3105\" src=\"https:\/\/lluislozano.com\/wp-content\/uploads\/2025\/02\/2-3.png\" class=\"attachment-full size-full\" alt=\"\" srcset=\"https:\/\/lluislozano.com\/wp-content\/uploads\/2025\/02\/2-3.png 3105w, https:\/\/lluislozano.com\/wp-content\/uploads\/2025\/02\/2-3-300x300.png 300w, https:\/\/lluislozano.com\/wp-content\/uploads\/2025\/02\/2-3-1024x1024.png 1024w, https:\/\/lluislozano.com\/wp-content\/uploads\/2025\/02\/2-3-150x150.png 150w, https:\/\/lluislozano.com\/wp-content\/uploads\/2025\/02\/2-3-768x768.png 768w, https:\/\/lluislozano.com\/wp-content\/uploads\/2025\/02\/2-3-1536x1536.png 1536w, https:\/\/lluislozano.com\/wp-content\/uploads\/2025\/02\/2-3-2048x2048.png 2048w\" sizes=\"(max-width: 3105px) 100vw, 3105px\" \/><\/a>\n\t\t\t<\/div><\/figure><figure class='gallery-item'>\n\t\t\t<div class='gallery-icon landscape'>\n\t\t\t\t<a data-elementor-open-lightbox=\"yes\" data-elementor-lightbox-slideshow=\"20915cc\" data-elementor-lightbox-title=\"1\" data-e-action-hash=\"#elementor-action%3Aaction%3Dlightbox%26settings%3DeyJpZCI6MjE1LCJ1cmwiOiJodHRwczpcL1wvbGx1aXNsb3phbm8uY29tXC93cC1jb250ZW50XC91cGxvYWRzXC8yMDI1XC8wMlwvMS0yLnBuZyIsInNsaWRlc2hvdyI6IjIwOTE1Y2MifQ%3D%3D\" href='https:\/\/lluislozano.com\/wp-content\/uploads\/2025\/02\/1-2.png'><img loading=\"lazy\" decoding=\"async\" width=\"3105\" height=\"3105\" src=\"https:\/\/lluislozano.com\/wp-content\/uploads\/2025\/02\/1-2.png\" class=\"attachment-full size-full\" alt=\"\" srcset=\"https:\/\/lluislozano.com\/wp-content\/uploads\/2025\/02\/1-2.png 3105w, https:\/\/lluislozano.com\/wp-content\/uploads\/2025\/02\/1-2-300x300.png 300w, https:\/\/lluislozano.com\/wp-content\/uploads\/2025\/02\/1-2-1024x1024.png 1024w, https:\/\/lluislozano.com\/wp-content\/uploads\/2025\/02\/1-2-150x150.png 150w, https:\/\/lluislozano.com\/wp-content\/uploads\/2025\/02\/1-2-768x768.png 768w, https:\/\/lluislozano.com\/wp-content\/uploads\/2025\/02\/1-2-1536x1536.png 1536w, https:\/\/lluislozano.com\/wp-content\/uploads\/2025\/02\/1-2-2048x2048.png 2048w\" sizes=\"(max-width: 3105px) 100vw, 3105px\" \/><\/a>\n\t\t\t<\/div><\/figure>\n\t\t<\/div>\n\t\t<\/div>\n\t\t\t\t\t\t<\/div>\n\t\t\t\t<\/div>\n\t\t\t\t\t<\/div>\n\t\t<\/div>\n\t\t\t\t\t<\/div>\n\t\t<\/section>\n\t\t\t\t<\/div>","protected":false},"excerpt":{"rendered":"<p>El 2024 es un a\u00f1o muy fruct\u00edfero para Llu\u00eds Lozano, ya que publica diferentes sencillos como La Nostra Nau en una colaboraci\u00f3n junto a Carles Casanovas y Lorenzo Fern\u00e1ndez, A Cara o Creu junto a Antoni Mas, El Cantaire del Bar del Port y Carrilet Ganx\u00f3 en un homenaje al petit tren de Sant Feliu [&hellip;]<\/p>","protected":false},"author":2,"featured_media":0,"parent":0,"menu_order":0,"comment_status":"closed","ping_status":"closed","template":"","meta":{"footnotes":""},"class_list":["post-84","page","type-page","status-publish","hentry"],"yoast_head":"<!-- This site is optimized with the Yoast SEO plugin v27.4 - https:\/\/yoast.com\/product\/yoast-seo-wordpress\/ -->\n<title>Cantautores catalanes - Llu\u00eds Lozano<\/title>\n<meta name=\"description\" content=\"Descubre la esencia de los cantautores catalanes con la m\u00fasica de Llu\u00eds Lozano: tradici\u00f3n, poes\u00eda y habaneras en cada canci\u00f3n.\" \/>\n<meta name=\"robots\" content=\"index, follow, max-snippet:-1, max-image-preview:large, max-video-preview:-1\" \/>\n<link rel=\"canonical\" href=\"https:\/\/lluislozano.com\/ca\/discografia-cantautores-catalanes\/\" \/>\n<meta property=\"og:locale\" content=\"ca_ES\" \/>\n<meta property=\"og:type\" content=\"article\" \/>\n<meta property=\"og:title\" content=\"Cantautores catalanes - Llu\u00eds Lozano\" \/>\n<meta property=\"og:description\" content=\"Descubre la esencia de los cantautores catalanes con la m\u00fasica de Llu\u00eds Lozano: tradici\u00f3n, poes\u00eda y habaneras en cada canci\u00f3n.\" \/>\n<meta property=\"og:url\" content=\"https:\/\/lluislozano.com\/ca\/discografia-cantautores-catalanes\/\" \/>\n<meta property=\"og:site_name\" content=\"Lluis Lozano\" \/>\n<meta property=\"article:modified_time\" content=\"2025-02-14T12:14:47+00:00\" \/>\n<meta property=\"og:image\" content=\"https:\/\/yellow-tapir-319015.hostingersite.com\/wp-content\/uploads\/2025\/02\/Lluis-Lozano_HIGH_QUALITY-05-scaled.jpg\" \/>\n<meta name=\"twitter:card\" content=\"summary_large_image\" \/>\n<meta name=\"twitter:label1\" content=\"Temps estimat de lectura\" \/>\n\t<meta name=\"twitter:data1\" content=\"3 minuts\" \/>\n<script type=\"application\/ld+json\" class=\"yoast-schema-graph\">{\"@context\":\"https:\\\/\\\/schema.org\",\"@graph\":[{\"@type\":\"WebPage\",\"@id\":\"https:\\\/\\\/lluislozano.com\\\/discografia-cantautores-catalanes\\\/\",\"url\":\"https:\\\/\\\/lluislozano.com\\\/discografia-cantautores-catalanes\\\/\",\"name\":\"Cantautores catalanes - Llu\u00eds Lozano\",\"isPartOf\":{\"@id\":\"https:\\\/\\\/lluislozano.com\\\/#website\"},\"primaryImageOfPage\":{\"@id\":\"https:\\\/\\\/lluislozano.com\\\/discografia-cantautores-catalanes\\\/#primaryimage\"},\"image\":{\"@id\":\"https:\\\/\\\/lluislozano.com\\\/discografia-cantautores-catalanes\\\/#primaryimage\"},\"thumbnailUrl\":\"https:\\\/\\\/yellow-tapir-319015.hostingersite.com\\\/wp-content\\\/uploads\\\/2025\\\/02\\\/Lluis-Lozano_HIGH_QUALITY-05-scaled.jpg\",\"datePublished\":\"2025-02-07T08:41:35+00:00\",\"dateModified\":\"2025-02-14T12:14:47+00:00\",\"description\":\"Descubre la esencia de los cantautores catalanes con la m\u00fasica de Llu\u00eds Lozano: tradici\u00f3n, poes\u00eda y habaneras en cada canci\u00f3n.\",\"breadcrumb\":{\"@id\":\"https:\\\/\\\/lluislozano.com\\\/discografia-cantautores-catalanes\\\/#breadcrumb\"},\"inLanguage\":\"ca\",\"potentialAction\":[{\"@type\":\"ReadAction\",\"target\":[\"https:\\\/\\\/lluislozano.com\\\/discografia-cantautores-catalanes\\\/\"]}]},{\"@type\":\"ImageObject\",\"inLanguage\":\"ca\",\"@id\":\"https:\\\/\\\/lluislozano.com\\\/discografia-cantautores-catalanes\\\/#primaryimage\",\"url\":\"https:\\\/\\\/yellow-tapir-319015.hostingersite.com\\\/wp-content\\\/uploads\\\/2025\\\/02\\\/Lluis-Lozano_HIGH_QUALITY-05-scaled.jpg\",\"contentUrl\":\"https:\\\/\\\/yellow-tapir-319015.hostingersite.com\\\/wp-content\\\/uploads\\\/2025\\\/02\\\/Lluis-Lozano_HIGH_QUALITY-05-scaled.jpg\"},{\"@type\":\"BreadcrumbList\",\"@id\":\"https:\\\/\\\/lluislozano.com\\\/discografia-cantautores-catalanes\\\/#breadcrumb\",\"itemListElement\":[{\"@type\":\"ListItem\",\"position\":1,\"name\":\"Home\",\"item\":\"https:\\\/\\\/lluislozano.com\\\/ca\\\/\"},{\"@type\":\"ListItem\",\"position\":2,\"name\":\"Discograf\u00eda\"}]},{\"@type\":\"WebSite\",\"@id\":\"https:\\\/\\\/lluislozano.com\\\/#website\",\"url\":\"https:\\\/\\\/lluislozano.com\\\/\",\"name\":\"Lluis Lozano\",\"description\":\"\",\"potentialAction\":[{\"@type\":\"SearchAction\",\"target\":{\"@type\":\"EntryPoint\",\"urlTemplate\":\"https:\\\/\\\/lluislozano.com\\\/?s={search_term_string}\"},\"query-input\":{\"@type\":\"PropertyValueSpecification\",\"valueRequired\":true,\"valueName\":\"search_term_string\"}}],\"inLanguage\":\"ca\"}]}<\/script>\n<!-- \/ Yoast SEO plugin. -->","yoast_head_json":{"title":"Cantautores catalanes - Llu\u00eds Lozano","description":"Descubre la esencia de los cantautores catalanes con la m\u00fasica de Llu\u00eds Lozano: tradici\u00f3n, poes\u00eda y habaneras en cada canci\u00f3n.","robots":{"index":"index","follow":"follow","max-snippet":"max-snippet:-1","max-image-preview":"max-image-preview:large","max-video-preview":"max-video-preview:-1"},"canonical":"https:\/\/lluislozano.com\/ca\/discografia-cantautores-catalanes\/","og_locale":"ca_ES","og_type":"article","og_title":"Cantautores catalanes - Llu\u00eds Lozano","og_description":"Descubre la esencia de los cantautores catalanes con la m\u00fasica de Llu\u00eds Lozano: tradici\u00f3n, poes\u00eda y habaneras en cada canci\u00f3n.","og_url":"https:\/\/lluislozano.com\/ca\/discografia-cantautores-catalanes\/","og_site_name":"Lluis Lozano","article_modified_time":"2025-02-14T12:14:47+00:00","og_image":[{"url":"https:\/\/yellow-tapir-319015.hostingersite.com\/wp-content\/uploads\/2025\/02\/Lluis-Lozano_HIGH_QUALITY-05-scaled.jpg","type":"","width":"","height":""}],"twitter_card":"summary_large_image","twitter_misc":{"Temps estimat de lectura":"3 minuts"},"schema":{"@context":"https:\/\/schema.org","@graph":[{"@type":"WebPage","@id":"https:\/\/lluislozano.com\/discografia-cantautores-catalanes\/","url":"https:\/\/lluislozano.com\/discografia-cantautores-catalanes\/","name":"Cantautores catalanes - Llu\u00eds Lozano","isPartOf":{"@id":"https:\/\/lluislozano.com\/#website"},"primaryImageOfPage":{"@id":"https:\/\/lluislozano.com\/discografia-cantautores-catalanes\/#primaryimage"},"image":{"@id":"https:\/\/lluislozano.com\/discografia-cantautores-catalanes\/#primaryimage"},"thumbnailUrl":"https:\/\/yellow-tapir-319015.hostingersite.com\/wp-content\/uploads\/2025\/02\/Lluis-Lozano_HIGH_QUALITY-05-scaled.jpg","datePublished":"2025-02-07T08:41:35+00:00","dateModified":"2025-02-14T12:14:47+00:00","description":"Descubre la esencia de los cantautores catalanes con la m\u00fasica de Llu\u00eds Lozano: tradici\u00f3n, poes\u00eda y habaneras en cada canci\u00f3n.","breadcrumb":{"@id":"https:\/\/lluislozano.com\/discografia-cantautores-catalanes\/#breadcrumb"},"inLanguage":"ca","potentialAction":[{"@type":"ReadAction","target":["https:\/\/lluislozano.com\/discografia-cantautores-catalanes\/"]}]},{"@type":"ImageObject","inLanguage":"ca","@id":"https:\/\/lluislozano.com\/discografia-cantautores-catalanes\/#primaryimage","url":"https:\/\/yellow-tapir-319015.hostingersite.com\/wp-content\/uploads\/2025\/02\/Lluis-Lozano_HIGH_QUALITY-05-scaled.jpg","contentUrl":"https:\/\/yellow-tapir-319015.hostingersite.com\/wp-content\/uploads\/2025\/02\/Lluis-Lozano_HIGH_QUALITY-05-scaled.jpg"},{"@type":"BreadcrumbList","@id":"https:\/\/lluislozano.com\/discografia-cantautores-catalanes\/#breadcrumb","itemListElement":[{"@type":"ListItem","position":1,"name":"Home","item":"https:\/\/lluislozano.com\/ca\/"},{"@type":"ListItem","position":2,"name":"Discograf\u00eda"}]},{"@type":"WebSite","@id":"https:\/\/lluislozano.com\/#website","url":"https:\/\/lluislozano.com\/","name":"Lluis Lozano","description":"","potentialAction":[{"@type":"SearchAction","target":{"@type":"EntryPoint","urlTemplate":"https:\/\/lluislozano.com\/?s={search_term_string}"},"query-input":{"@type":"PropertyValueSpecification","valueRequired":true,"valueName":"search_term_string"}}],"inLanguage":"ca"}]}},"_links":{"self":[{"href":"https:\/\/lluislozano.com\/ca\/wp-json\/wp\/v2\/pages\/84","targetHints":{"allow":["GET"]}}],"collection":[{"href":"https:\/\/lluislozano.com\/ca\/wp-json\/wp\/v2\/pages"}],"about":[{"href":"https:\/\/lluislozano.com\/ca\/wp-json\/wp\/v2\/types\/page"}],"author":[{"embeddable":true,"href":"https:\/\/lluislozano.com\/ca\/wp-json\/wp\/v2\/users\/2"}],"replies":[{"embeddable":true,"href":"https:\/\/lluislozano.com\/ca\/wp-json\/wp\/v2\/comments?post=84"}],"version-history":[{"count":34,"href":"https:\/\/lluislozano.com\/ca\/wp-json\/wp\/v2\/pages\/84\/revisions"}],"predecessor-version":[{"id":243,"href":"https:\/\/lluislozano.com\/ca\/wp-json\/wp\/v2\/pages\/84\/revisions\/243"}],"wp:attachment":[{"href":"https:\/\/lluislozano.com\/ca\/wp-json\/wp\/v2\/media?parent=84"}],"curies":[{"name":"wp","href":"https:\/\/api.w.org\/{rel}","templated":true}]}}